{"id":979,"date":"2025-07-18T15:11:06","date_gmt":"2025-07-18T13:11:06","guid":{"rendered":"https:\/\/www.miafitclub.com\/a-propos\/"},"modified":"2025-09-16T16:31:41","modified_gmt":"2025-09-16T14:31:41","slug":"about-us","status":"publish","type":"page","link":"https:\/\/www.miafitclub.com\/en\/about-us\/","title":{"rendered":"About us"},"content":{"rendered":"<p><b>&#8220;Every detail of the Totem has been designed for sport and to blend into any interior&#8221;\u00a0<\/b><\/p>\n","protected":false},"excerpt":{"rendered":"<p>&#8220;Every detail of the Totem has been designed for sport and to blend into any interior&#8221;\u00a0<\/p>\n","protected":false},"author":1,"featured_media":991,"parent":0,"menu_order":0,"comment_status":"closed","ping_status":"closed","template":"flexible-template.php","meta":{"_acf_changed":false,"footnotes":""},"class_list":["post-979","page","type-page","status-publish","has-post-thumbnail","hentry"],"acf":[],"yoast_head":"<!-- This site is optimized with the Yoast SEO plugin v27.4 - https:\/\/yoast.com\/product\/yoast-seo-wordpress\/ -->\n<title>About us &#8212; Miafit<\/title>\n<meta name=\"description\" content=\"&quot;Every detail of the Totem has been designed for sport and to blend into any interior&quot;\u00a0 Les accessoires de fitness int\u00e9gr\u00e9s au Totem ont \u00e9t\u00e9 choisis pour suivre n\u2019importe quelle vid\u00e9o de sport \u00e0 la maison\" \/>\n<meta name=\"robots\" content=\"index, follow, max-snippet:-1, max-image-preview:large, max-video-preview:-1\" \/>\n<link rel=\"canonical\" href=\"https:\/\/www.miafitclub.com\/en\/about-us\/\" \/>\n<meta property=\"og:locale\" content=\"en_US\" \/>\n<meta property=\"og:type\" content=\"article\" \/>\n<meta property=\"og:title\" content=\"About us &#8212; Miafit\" \/>\n<meta property=\"og:description\" content=\"&quot;Every detail of the Totem has been designed for sport and to blend into any interior&quot;\u00a0 Les accessoires de fitness int\u00e9gr\u00e9s au Totem ont \u00e9t\u00e9 choisis pour suivre n\u2019importe quelle vid\u00e9o de sport \u00e0 la maison\" \/>\n<meta property=\"og:url\" content=\"https:\/\/www.miafitclub.com\/en\/about-us\/\" \/>\n<meta property=\"og:site_name\" content=\"Miafit\" \/>\n<meta property=\"article:modified_time\" content=\"2025-09-16T14:31:41+00:00\" \/>\n<meta property=\"og:image\" content=\"https:\/\/www.miafitclub.com\/wp-content\/uploads\/2025\/09\/WhatsApp-Image-2025-09-03-at-10.04.03.jpeg\" \/>\n\t<meta property=\"og:image:width\" content=\"1014\" \/>\n\t<meta property=\"og:image:height\" content=\"1014\" \/>\n\t<meta property=\"og:image:type\" content=\"image\/jpeg\" \/>\n<meta name=\"twitter:card\" content=\"summary_large_image\" \/>\n<script type=\"application\/ld+json\" class=\"yoast-schema-graph\">{\"@context\":\"https:\\\/\\\/schema.org\",\"@graph\":[{\"@type\":\"WebPage\",\"@id\":\"https:\\\/\\\/www.miafitclub.com\\\/en\\\/about-us\\\/\",\"url\":\"https:\\\/\\\/www.miafitclub.com\\\/en\\\/about-us\\\/\",\"name\":\"About us &#8212; Miafit\",\"isPartOf\":{\"@id\":\"https:\\\/\\\/www.miafitclub.com\\\/en\\\/#website\"},\"primaryImageOfPage\":{\"@id\":\"https:\\\/\\\/www.miafitclub.com\\\/en\\\/about-us\\\/#primaryimage\"},\"image\":{\"@id\":\"https:\\\/\\\/www.miafitclub.com\\\/en\\\/about-us\\\/#primaryimage\"},\"thumbnailUrl\":\"https:\\\/\\\/www.miafitclub.com\\\/wp-content\\\/uploads\\\/2025\\\/09\\\/WhatsApp-Image-2025-09-03-at-10.04.03.jpeg\",\"datePublished\":\"2025-07-18T13:11:06+00:00\",\"dateModified\":\"2025-09-16T14:31:41+00:00\",\"description\":\"\\\"Every detail of the Totem has been designed for sport and to blend into any interior\\\"\u00a0 Les accessoires de fitness int\u00e9gr\u00e9s au Totem ont \u00e9t\u00e9 choisis pour suivre n\u2019importe quelle vid\u00e9o de sport \u00e0 la maison\",\"breadcrumb\":{\"@id\":\"https:\\\/\\\/www.miafitclub.com\\\/en\\\/about-us\\\/#breadcrumb\"},\"inLanguage\":\"en-US\",\"potentialAction\":[{\"@type\":\"ReadAction\",\"target\":[\"https:\\\/\\\/www.miafitclub.com\\\/en\\\/about-us\\\/\"]}]},{\"@type\":\"ImageObject\",\"inLanguage\":\"en-US\",\"@id\":\"https:\\\/\\\/www.miafitclub.com\\\/en\\\/about-us\\\/#primaryimage\",\"url\":\"https:\\\/\\\/www.miafitclub.com\\\/wp-content\\\/uploads\\\/2025\\\/09\\\/WhatsApp-Image-2025-09-03-at-10.04.03.jpeg\",\"contentUrl\":\"https:\\\/\\\/www.miafitclub.com\\\/wp-content\\\/uploads\\\/2025\\\/09\\\/WhatsApp-Image-2025-09-03-at-10.04.03.jpeg\",\"width\":1014,\"height\":1014},{\"@type\":\"BreadcrumbList\",\"@id\":\"https:\\\/\\\/www.miafitclub.com\\\/en\\\/about-us\\\/#breadcrumb\",\"itemListElement\":[{\"@type\":\"ListItem\",\"position\":1,\"name\":\"Home\",\"item\":\"https:\\\/\\\/www.miafitclub.com\\\/en\\\/\"},{\"@type\":\"ListItem\",\"position\":2,\"name\":\"About us\"}]},{\"@type\":\"WebSite\",\"@id\":\"https:\\\/\\\/www.miafitclub.com\\\/en\\\/#website\",\"url\":\"https:\\\/\\\/www.miafitclub.com\\\/en\\\/\",\"name\":\"MiaFit\",\"description\":\"\",\"potentialAction\":[{\"@type\":\"SearchAction\",\"target\":{\"@type\":\"EntryPoint\",\"urlTemplate\":\"https:\\\/\\\/www.miafitclub.com\\\/en\\\/?s={search_term_string}\"},\"query-input\":{\"@type\":\"PropertyValueSpecification\",\"valueRequired\":true,\"valueName\":\"search_term_string\"}}],\"inLanguage\":\"en-US\"}]}<\/script>\n<!-- \/ Yoast SEO plugin. -->","yoast_head_json":{"title":"About us &#8212; Miafit","description":"\"Every detail of the Totem has been designed for sport and to blend into any interior\"\u00a0 Les accessoires de fitness int\u00e9gr\u00e9s au Totem ont \u00e9t\u00e9 choisis pour suivre n\u2019importe quelle vid\u00e9o de sport \u00e0 la maison","robots":{"index":"index","follow":"follow","max-snippet":"max-snippet:-1","max-image-preview":"max-image-preview:large","max-video-preview":"max-video-preview:-1"},"canonical":"https:\/\/www.miafitclub.com\/en\/about-us\/","og_locale":"en_US","og_type":"article","og_title":"About us &#8212; Miafit","og_description":"\"Every detail of the Totem has been designed for sport and to blend into any interior\"\u00a0 Les accessoires de fitness int\u00e9gr\u00e9s au Totem ont \u00e9t\u00e9 choisis pour suivre n\u2019importe quelle vid\u00e9o de sport \u00e0 la maison","og_url":"https:\/\/www.miafitclub.com\/en\/about-us\/","og_site_name":"Miafit","article_modified_time":"2025-09-16T14:31:41+00:00","og_image":[{"width":1014,"height":1014,"url":"https:\/\/www.miafitclub.com\/wp-content\/uploads\/2025\/09\/WhatsApp-Image-2025-09-03-at-10.04.03.jpeg","type":"image\/jpeg"}],"twitter_card":"summary_large_image","schema":{"@context":"https:\/\/schema.org","@graph":[{"@type":"WebPage","@id":"https:\/\/www.miafitclub.com\/en\/about-us\/","url":"https:\/\/www.miafitclub.com\/en\/about-us\/","name":"About us &#8212; Miafit","isPartOf":{"@id":"https:\/\/www.miafitclub.com\/en\/#website"},"primaryImageOfPage":{"@id":"https:\/\/www.miafitclub.com\/en\/about-us\/#primaryimage"},"image":{"@id":"https:\/\/www.miafitclub.com\/en\/about-us\/#primaryimage"},"thumbnailUrl":"https:\/\/www.miafitclub.com\/wp-content\/uploads\/2025\/09\/WhatsApp-Image-2025-09-03-at-10.04.03.jpeg","datePublished":"2025-07-18T13:11:06+00:00","dateModified":"2025-09-16T14:31:41+00:00","description":"\"Every detail of the Totem has been designed for sport and to blend into any interior\"\u00a0 Les accessoires de fitness int\u00e9gr\u00e9s au Totem ont \u00e9t\u00e9 choisis pour suivre n\u2019importe quelle vid\u00e9o de sport \u00e0 la maison","breadcrumb":{"@id":"https:\/\/www.miafitclub.com\/en\/about-us\/#breadcrumb"},"inLanguage":"en-US","potentialAction":[{"@type":"ReadAction","target":["https:\/\/www.miafitclub.com\/en\/about-us\/"]}]},{"@type":"ImageObject","inLanguage":"en-US","@id":"https:\/\/www.miafitclub.com\/en\/about-us\/#primaryimage","url":"https:\/\/www.miafitclub.com\/wp-content\/uploads\/2025\/09\/WhatsApp-Image-2025-09-03-at-10.04.03.jpeg","contentUrl":"https:\/\/www.miafitclub.com\/wp-content\/uploads\/2025\/09\/WhatsApp-Image-2025-09-03-at-10.04.03.jpeg","width":1014,"height":1014},{"@type":"BreadcrumbList","@id":"https:\/\/www.miafitclub.com\/en\/about-us\/#breadcrumb","itemListElement":[{"@type":"ListItem","position":1,"name":"Home","item":"https:\/\/www.miafitclub.com\/en\/"},{"@type":"ListItem","position":2,"name":"About us"}]},{"@type":"WebSite","@id":"https:\/\/www.miafitclub.com\/en\/#website","url":"https:\/\/www.miafitclub.com\/en\/","name":"MiaFit","description":"","potentialAction":[{"@type":"SearchAction","target":{"@type":"EntryPoint","urlTemplate":"https:\/\/www.miafitclub.com\/en\/?s={search_term_string}"},"query-input":{"@type":"PropertyValueSpecification","valueRequired":true,"valueName":"search_term_string"}}],"inLanguage":"en-US"}]}},"_links":{"self":[{"href":"https:\/\/www.miafitclub.com\/en\/wp-json\/wp\/v2\/pages\/979","targetHints":{"allow":["GET"]}}],"collection":[{"href":"https:\/\/www.miafitclub.com\/en\/wp-json\/wp\/v2\/pages"}],"about":[{"href":"https:\/\/www.miafitclub.com\/en\/wp-json\/wp\/v2\/types\/page"}],"author":[{"embeddable":true,"href":"https:\/\/www.miafitclub.com\/en\/wp-json\/wp\/v2\/users\/1"}],"replies":[{"embeddable":true,"href":"https:\/\/www.miafitclub.com\/en\/wp-json\/wp\/v2\/comments?post=979"}],"version-history":[{"count":4,"href":"https:\/\/www.miafitclub.com\/en\/wp-json\/wp\/v2\/pages\/979\/revisions"}],"predecessor-version":[{"id":1119,"href":"https:\/\/www.miafitclub.com\/en\/wp-json\/wp\/v2\/pages\/979\/revisions\/1119"}],"wp:featuredmedia":[{"embeddable":true,"href":"https:\/\/www.miafitclub.com\/en\/wp-json\/wp\/v2\/media\/991"}],"wp:attachment":[{"href":"https:\/\/www.miafitclub.com\/en\/wp-json\/wp\/v2\/media?parent=979"}],"curies":[{"name":"wp","href":"https:\/\/api.w.org\/{rel}","templated":true}]}}