{"id":990,"date":"2025-07-09T15:01:12","date_gmt":"2025-07-09T13:01:12","guid":{"rendered":"https:\/\/www.miafitclub.com\/shop\/totem-sauge\/"},"modified":"2025-09-19T15:55:18","modified_gmt":"2025-09-19T13:55:18","slug":"sage-totem","status":"publish","type":"product","link":"https:\/\/www.miafitclub.com\/en\/shop\/sage-totem\/","title":{"rendered":"Sage Totem"},"content":{"rendered":"<p><span style=\"font-weight: 400\">Designed as a sculpture.<\/span><span style=\"font-weight: 400\"><br \/>\n<\/span><span style=\"font-weight: 400\">Made to move.<\/span><span style=\"font-weight: 400\"><br \/>\n<\/span><span style=\"font-weight: 400\">It doesn\u2019t get stored away\u2014it\u2019s meant to be displayed.<\/span><span style=\"font-weight: 400\"><br \/>\n<\/span><\/p>\n<p><em><span style=\"font-weight: 400\">It\u2019s the dream kit everyone wants for home fitness.<\/span><\/em><\/p>\n","protected":false},"excerpt":{"rendered":"<p>Designed as a sculpture. Made to move. It doesn\u2019t get stored away\u2014it\u2019s meant to be displayed. It\u2019s the dream kit everyone wants for home fitness.<\/p>\n","protected":false},"featured_media":1638,"template":"","meta":{"_acf_changed":false},"product_cat":[26],"product_tag":[],"class_list":{"0":"post-990","1":"product","2":"type-product","3":"status-publish","4":"has-post-thumbnail","6":"product_cat-totem-en","8":"first","9":"instock","10":"taxable","11":"shipping-taxable","12":"purchasable","13":"product-type-simple"},"acf":[],"yoast_head":"<!-- This site is optimized with the Yoast SEO plugin v27.4 - https:\/\/yoast.com\/product\/yoast-seo-wordpress\/ -->\n<title>Sage Totem &#8212; Miafit<\/title>\n<meta name=\"description\" content=\"Designed as a sculpture. Made to move. It doesn\u2019t get stored away\u2014it\u2019s meant to be displayed.   It\u2019s the dream kit everyone wants for home fitness. Pens\u00e9 comme une sculpture.Fabriqu\u00e9 pour bouger. C&#039;est le kit dont tout le monde r\u00eave pour faire du sport \u00e0 la maison\" \/>\n<meta name=\"robots\" content=\"index, follow, max-snippet:-1, max-image-preview:large, max-video-preview:-1\" \/>\n<link rel=\"canonical\" href=\"https:\/\/www.miafitclub.com\/en\/shop\/sage-totem\/\" \/>\n<meta property=\"og:locale\" content=\"en_US\" \/>\n<meta property=\"og:type\" content=\"article\" \/>\n<meta property=\"og:title\" content=\"Sage Totem &#8212; Miafit\" \/>\n<meta property=\"og:description\" content=\"Designed as a sculpture. Made to move. It doesn\u2019t get stored away\u2014it\u2019s meant to be displayed.   It\u2019s the dream kit everyone wants for home fitness. Pens\u00e9 comme une sculpture.Fabriqu\u00e9 pour bouger. C&#039;est le kit dont tout le monde r\u00eave pour faire du sport \u00e0 la maison\" \/>\n<meta property=\"og:url\" content=\"https:\/\/www.miafitclub.com\/en\/shop\/sage-totem\/\" \/>\n<meta property=\"og:site_name\" content=\"Miafit\" \/>\n<meta property=\"article:modified_time\" content=\"2025-09-19T13:55:18+00:00\" \/>\n<meta property=\"og:image\" content=\"https:\/\/www.miafitclub.com\/wp-content\/uploads\/2025\/07\/saugee.png\" \/>\n\t<meta property=\"og:image:width\" content=\"906\" \/>\n\t<meta property=\"og:image:height\" content=\"1182\" \/>\n\t<meta property=\"og:image:type\" content=\"image\/png\" \/>\n<meta name=\"twitter:card\" content=\"summary_large_image\" \/>\n<script type=\"application\/ld+json\" class=\"yoast-schema-graph\">{\"@context\":\"https:\\\/\\\/schema.org\",\"@graph\":[{\"@type\":\"WebPage\",\"@id\":\"https:\\\/\\\/www.miafitclub.com\\\/en\\\/shop\\\/sage-totem\\\/\",\"url\":\"https:\\\/\\\/www.miafitclub.com\\\/en\\\/shop\\\/sage-totem\\\/\",\"name\":\"Sage Totem &#8212; Miafit\",\"isPartOf\":{\"@id\":\"https:\\\/\\\/www.miafitclub.com\\\/en\\\/#website\"},\"primaryImageOfPage\":{\"@id\":\"https:\\\/\\\/www.miafitclub.com\\\/en\\\/shop\\\/sage-totem\\\/#primaryimage\"},\"image\":{\"@id\":\"https:\\\/\\\/www.miafitclub.com\\\/en\\\/shop\\\/sage-totem\\\/#primaryimage\"},\"thumbnailUrl\":\"https:\\\/\\\/www.miafitclub.com\\\/wp-content\\\/uploads\\\/2025\\\/07\\\/SAUGE-MiaFit-Packshot-11-scaled-e1776673598693.jpg\",\"datePublished\":\"2025-07-09T13:01:12+00:00\",\"dateModified\":\"2025-09-19T13:55:18+00:00\",\"description\":\"Designed as a sculpture. Made to move. It doesn\u2019t get stored away\u2014it\u2019s meant to be displayed. It\u2019s the dream kit everyone wants for home fitness. Pens\u00e9 comme une sculpture.Fabriqu\u00e9 pour bouger. C'est le kit dont tout le monde r\u00eave pour faire du sport \u00e0 la maison\",\"breadcrumb\":{\"@id\":\"https:\\\/\\\/www.miafitclub.com\\\/en\\\/shop\\\/sage-totem\\\/#breadcrumb\"},\"inLanguage\":\"en-US\",\"potentialAction\":[{\"@type\":\"ReadAction\",\"target\":[\"https:\\\/\\\/www.miafitclub.com\\\/en\\\/shop\\\/sage-totem\\\/\"]}]},{\"@type\":\"ImageObject\",\"inLanguage\":\"en-US\",\"@id\":\"https:\\\/\\\/www.miafitclub.com\\\/en\\\/shop\\\/sage-totem\\\/#primaryimage\",\"url\":\"https:\\\/\\\/www.miafitclub.com\\\/wp-content\\\/uploads\\\/2025\\\/07\\\/SAUGE-MiaFit-Packshot-11-scaled-e1776673598693.jpg\",\"contentUrl\":\"https:\\\/\\\/www.miafitclub.com\\\/wp-content\\\/uploads\\\/2025\\\/07\\\/SAUGE-MiaFit-Packshot-11-scaled-e1776673598693.jpg\",\"width\":1707,\"height\":2560},{\"@type\":\"BreadcrumbList\",\"@id\":\"https:\\\/\\\/www.miafitclub.com\\\/en\\\/shop\\\/sage-totem\\\/#breadcrumb\",\"itemListElement\":[{\"@type\":\"ListItem\",\"position\":1,\"name\":\"Home\",\"item\":\"https:\\\/\\\/www.miafitclub.com\\\/en\\\/\"},{\"@type\":\"ListItem\",\"position\":2,\"name\":\"Ne pas toucher (shop technique)\",\"item\":\"https:\\\/\\\/www.miafitclub.com\\\/do-not-touch\\\/\"},{\"@type\":\"ListItem\",\"position\":3,\"name\":\"Sage Totem\"}]},{\"@type\":\"WebSite\",\"@id\":\"https:\\\/\\\/www.miafitclub.com\\\/en\\\/#website\",\"url\":\"https:\\\/\\\/www.miafitclub.com\\\/en\\\/\",\"name\":\"MiaFit\",\"description\":\"\",\"potentialAction\":[{\"@type\":\"SearchAction\",\"target\":{\"@type\":\"EntryPoint\",\"urlTemplate\":\"https:\\\/\\\/www.miafitclub.com\\\/en\\\/?s={search_term_string}\"},\"query-input\":{\"@type\":\"PropertyValueSpecification\",\"valueRequired\":true,\"valueName\":\"search_term_string\"}}],\"inLanguage\":\"en-US\"}]}<\/script>\n<!-- \/ Yoast SEO plugin. -->","yoast_head_json":{"title":"Sage Totem &#8212; Miafit","description":"Designed as a sculpture. Made to move. It doesn\u2019t get stored away\u2014it\u2019s meant to be displayed.   It\u2019s the dream kit everyone wants for home fitness. Pens\u00e9 comme une sculpture.Fabriqu\u00e9 pour bouger. C'est le kit dont tout le monde r\u00eave pour faire du sport \u00e0 la maison","robots":{"index":"index","follow":"follow","max-snippet":"max-snippet:-1","max-image-preview":"max-image-preview:large","max-video-preview":"max-video-preview:-1"},"canonical":"https:\/\/www.miafitclub.com\/en\/shop\/sage-totem\/","og_locale":"en_US","og_type":"article","og_title":"Sage Totem &#8212; Miafit","og_description":"Designed as a sculpture. Made to move. It doesn\u2019t get stored away\u2014it\u2019s meant to be displayed.   It\u2019s the dream kit everyone wants for home fitness. Pens\u00e9 comme une sculpture.Fabriqu\u00e9 pour bouger. C'est le kit dont tout le monde r\u00eave pour faire du sport \u00e0 la maison","og_url":"https:\/\/www.miafitclub.com\/en\/shop\/sage-totem\/","og_site_name":"Miafit","article_modified_time":"2025-09-19T13:55:18+00:00","og_image":[{"url":"https:\/\/www.miafitclub.com\/wp-content\/uploads\/2025\/07\/saugee.png","width":906,"height":1182,"type":"image\/png"}],"twitter_card":"summary_large_image","schema":{"@context":"https:\/\/schema.org","@graph":[{"@type":"WebPage","@id":"https:\/\/www.miafitclub.com\/en\/shop\/sage-totem\/","url":"https:\/\/www.miafitclub.com\/en\/shop\/sage-totem\/","name":"Sage Totem &#8212; Miafit","isPartOf":{"@id":"https:\/\/www.miafitclub.com\/en\/#website"},"primaryImageOfPage":{"@id":"https:\/\/www.miafitclub.com\/en\/shop\/sage-totem\/#primaryimage"},"image":{"@id":"https:\/\/www.miafitclub.com\/en\/shop\/sage-totem\/#primaryimage"},"thumbnailUrl":"https:\/\/www.miafitclub.com\/wp-content\/uploads\/2025\/07\/SAUGE-MiaFit-Packshot-11-scaled-e1776673598693.jpg","datePublished":"2025-07-09T13:01:12+00:00","dateModified":"2025-09-19T13:55:18+00:00","description":"Designed as a sculpture. Made to move. It doesn\u2019t get stored away\u2014it\u2019s meant to be displayed. It\u2019s the dream kit everyone wants for home fitness. Pens\u00e9 comme une sculpture.Fabriqu\u00e9 pour bouger. C'est le kit dont tout le monde r\u00eave pour faire du sport \u00e0 la maison","breadcrumb":{"@id":"https:\/\/www.miafitclub.com\/en\/shop\/sage-totem\/#breadcrumb"},"inLanguage":"en-US","potentialAction":[{"@type":"ReadAction","target":["https:\/\/www.miafitclub.com\/en\/shop\/sage-totem\/"]}]},{"@type":"ImageObject","inLanguage":"en-US","@id":"https:\/\/www.miafitclub.com\/en\/shop\/sage-totem\/#primaryimage","url":"https:\/\/www.miafitclub.com\/wp-content\/uploads\/2025\/07\/SAUGE-MiaFit-Packshot-11-scaled-e1776673598693.jpg","contentUrl":"https:\/\/www.miafitclub.com\/wp-content\/uploads\/2025\/07\/SAUGE-MiaFit-Packshot-11-scaled-e1776673598693.jpg","width":1707,"height":2560},{"@type":"BreadcrumbList","@id":"https:\/\/www.miafitclub.com\/en\/shop\/sage-totem\/#breadcrumb","itemListElement":[{"@type":"ListItem","position":1,"name":"Home","item":"https:\/\/www.miafitclub.com\/en\/"},{"@type":"ListItem","position":2,"name":"Ne pas toucher (shop technique)","item":"https:\/\/www.miafitclub.com\/do-not-touch\/"},{"@type":"ListItem","position":3,"name":"Sage Totem"}]},{"@type":"WebSite","@id":"https:\/\/www.miafitclub.com\/en\/#website","url":"https:\/\/www.miafitclub.com\/en\/","name":"MiaFit","description":"","potentialAction":[{"@type":"SearchAction","target":{"@type":"EntryPoint","urlTemplate":"https:\/\/www.miafitclub.com\/en\/?s={search_term_string}"},"query-input":{"@type":"PropertyValueSpecification","valueRequired":true,"valueName":"search_term_string"}}],"inLanguage":"en-US"}]}},"_links":{"self":[{"href":"https:\/\/www.miafitclub.com\/en\/wp-json\/wp\/v2\/product\/990","targetHints":{"allow":["GET"]}}],"collection":[{"href":"https:\/\/www.miafitclub.com\/en\/wp-json\/wp\/v2\/product"}],"about":[{"href":"https:\/\/www.miafitclub.com\/en\/wp-json\/wp\/v2\/types\/product"}],"wp:featuredmedia":[{"embeddable":true,"href":"https:\/\/www.miafitclub.com\/en\/wp-json\/wp\/v2\/media\/1638"}],"wp:attachment":[{"href":"https:\/\/www.miafitclub.com\/en\/wp-json\/wp\/v2\/media?parent=990"}],"wp:term":[{"taxonomy":"product_cat","embeddable":true,"href":"https:\/\/www.miafitclub.com\/en\/wp-json\/wp\/v2\/product_cat?post=990"},{"taxonomy":"product_tag","embeddable":true,"href":"https:\/\/www.miafitclub.com\/en\/wp-json\/wp\/v2\/product_tag?post=990"}],"curies":[{"name":"wp","href":"https:\/\/api.w.org\/{rel}","templated":true}]}}